{"id":245092,"date":"2024-03-01T08:41:48","date_gmt":"2024-03-01T07:41:48","guid":{"rendered":"https:\/\/corees.ebrandico.com\/report\/"},"modified":"2024-09-10T23:29:20","modified_gmt":"2024-09-10T21:29:20","slug":"reports","status":"publish","type":"page","link":"https:\/\/corees.ebrandico.com\/en\/reports\/","title":{"rendered":"Reports"},"content":{"rendered":"<p>[et_pb_section fb_built=&#8221;1&#8243; _builder_version=&#8221;4.24.0&#8243; _module_preset=&#8221;default&#8221; use_background_color_gradient=&#8221;on&#8221; background_color_gradient_direction=&#8221;218deg&#8221; background_color_gradient_stops=&#8221;gcid-3739f6af-6ec3-431f-9233-3cdc85f4270b 0%|rgba(21,67,99,0.76) 100%&#8221; background_color_gradient_overlays_image=&#8221;on&#8221; background_color_gradient_start=&#8221;rgba(131,50,172,0.82)&#8221; background_color_gradient_end=&#8221;rgba(93,43,150,0.77)&#8221; background_image=&#8221;https:\/\/corees.ebrandico.com\/wp-content\/uploads\/2024\/02\/2023_CORFAC_Map_Letter_Gradient_Horizontal.png&#8221; background_enable_video_mp4=&#8221;off&#8221; custom_padding=&#8221;100px||100px||true|false&#8221; global_colors_info=&#8221;{%22gcid-3739f6af-6ec3-431f-9233-3cdc85f4270b%22:%91%22background_color_gradient_stops%22%93}&#8221;][et_pb_row _builder_version=&#8221;4.16&#8243; _module_preset=&#8221;default&#8221; global_colors_info=&#8221;{}&#8221;][et_pb_column type=&#8221;4_4&#8243; _builder_version=&#8221;4.16&#8243; _module_preset=&#8221;default&#8221; global_colors_info=&#8221;{}&#8221;][et_pb_text module_class=&#8221;section-title&#8221; _builder_version=&#8221;4.24.2&#8243; _dynamic_attributes=&#8221;content&#8221; _module_preset=&#8221;_initial&#8221; text_font=&#8221;|700|||||||&#8221; text_text_color=&#8221;#ffffff&#8221; text_font_size=&#8221;35px&#8221; header_font=&#8221;|||on|||||&#8221; header_text_color=&#8221;#FFFFFF&#8221; header_font_size=&#8221;54px&#8221; header_letter_spacing=&#8221;1px&#8221; header_line_height=&#8221;1.3em&#8221; text_orientation=&#8221;center&#8221; custom_margin=&#8221;60px||-99px||false|false&#8221; custom_padding=&#8221;0px||0px||false|false&#8221; global_colors_info=&#8221;{}&#8221;]@ET-DC@eyJkeW5hbWljIjp0cnVlLCJjb250ZW50IjoicG9zdF90aXRsZSIsInNldHRpbmdzIjp7ImJlZm9yZSI6IjxoMT4iLCJhZnRlciI6IjxcL2gxPiJ9fQ==@[\/et_pb_text][\/et_pb_column][\/et_pb_row][\/et_pb_section][et_pb_section fb_built=&#8221;1&#8243; admin_label=&#8221;Features&#8221; module_id=&#8221;what-we-do&#8221; _builder_version=&#8221;4.24.0&#8243; _module_preset=&#8221;default&#8221; background_color=&#8221;#FFFFFF&#8221; width=&#8221;100%&#8221; width_tablet=&#8221;80%&#8221; width_phone=&#8221;80%&#8221; width_last_edited=&#8221;on|tablet&#8221; module_alignment=&#8221;center&#8221; custom_margin=&#8221;-1px|||||&#8221; custom_padding=&#8221;||63px|||&#8221; border_radii=&#8221;on|10px|10px|10px|10px&#8221; saved_tabs=&#8221;all&#8221; collapsed=&#8221;off&#8221; global_colors_info=&#8221;{}&#8221;][et_pb_row module_id=&#8221;raporty-miejskie&#8221; _builder_version=&#8221;4.24.2&#8243; _module_preset=&#8221;default&#8221; global_colors_info=&#8221;{}&#8221;][et_pb_column type=&#8221;4_4&#8243; _builder_version=&#8221;4.24.2&#8243; _module_preset=&#8221;default&#8221; global_colors_info=&#8221;{}&#8221;][et_pb_text module_class=&#8221;section-title&#8221; _builder_version=&#8221;4.24.2&#8243; _module_preset=&#8221;_initial&#8221; header_font_size=&#8221;52px&#8221; header_2_font=&#8221;Roboto||||||||&#8221; header_2_letter_spacing=&#8221;1px&#8221; text_orientation=&#8221;center&#8221; max_width=&#8221;800px&#8221; module_alignment=&#8221;center&#8221; header_font_size_tablet=&#8221;32px&#8221; header_font_size_phone=&#8221;28px&#8221; header_font_size_last_edited=&#8221;on|tablet&#8221; global_colors_info=&#8221;{}&#8221;]<\/p>\n<h2>Reports<\/h2>\n<p>[\/et_pb_text][et_pb_de_mach_archive_loop post_type_choose=&#8221;raporty&#8221; loop_layout=&#8221;242459&#8243; no_posts_layout_text=&#8221;Nie ma\u00a0w\u00a0tej\u00a0chwili \u017cadnych dost\u0119pnych raport\u00f3w&#8221; posts_number=&#8221;20&#8243; include_cats=&#8221;aktualny-raport&#8221; enable_loadmore=&#8221;on&#8221; loadmore_text=&#8221;Poka\u017c wi\u0119cej&#8221; loadmore_text_loading=&#8221;\u0141aduj\u0119 si\u0119&#8221; columns=&#8221;1&#8243; columns_tablet=&#8221;1&#8243; _builder_version=&#8221;4.27.0&#8243; _module_preset=&#8221;default&#8221; hover_enabled=&#8221;0&#8243; global_colors_info=&#8221;{}&#8221; order_asc_desc=&#8221;DESC&#8221; sec_order_asc_desc=&#8221;DESC&#8221; sticky_enabled=&#8221;0&#8243;][\/et_pb_de_mach_archive_loop][\/et_pb_column][\/et_pb_row][\/et_pb_section][et_pb_section fb_built=&#8221;1&#8243; admin_label=&#8221;Raporty specjalne&#8221; module_id=&#8221;what-we-do&#8221; _builder_version=&#8221;4.24.0&#8243; _module_preset=&#8221;default&#8221; background_color=&#8221;#FFFFFF&#8221; width=&#8221;100%&#8221; width_tablet=&#8221;80%&#8221; width_phone=&#8221;80%&#8221; width_last_edited=&#8221;on|tablet&#8221; module_alignment=&#8221;center&#8221; custom_margin=&#8221;-1px|||||&#8221; custom_padding=&#8221;0px|||||&#8221; border_radii=&#8221;on|10px|10px|10px|10px&#8221; saved_tabs=&#8221;all&#8221; collapsed=&#8221;off&#8221; global_colors_info=&#8221;{}&#8221;][et_pb_row module_id=&#8221;raporty-specjalne&#8221; module_class=&#8221;section-title&#8221; _builder_version=&#8221;4.24.0&#8243; _module_preset=&#8221;default&#8221; custom_padding=&#8221;5px||0px|||&#8221; global_colors_info=&#8221;{}&#8221;][et_pb_column type=&#8221;4_4&#8243; module_class=&#8221;section-title&#8221; _builder_version=&#8221;4.24.0&#8243; _module_preset=&#8221;default&#8221; global_colors_info=&#8221;{}&#8221;][et_pb_text admin_label=&#8221;Raporty specjalne &#8211; header&#8221; module_class=&#8221;section-title&#8221; _builder_version=&#8221;4.24.0&#8243; _module_preset=&#8221;_initial&#8221; header_font_size=&#8221;52px&#8221; header_2_font=&#8221;Roboto||||||||&#8221; header_2_letter_spacing=&#8221;1px&#8221; text_orientation=&#8221;center&#8221; max_width=&#8221;800px&#8221; module_alignment=&#8221;center&#8221; header_font_size_tablet=&#8221;32px&#8221; header_font_size_phone=&#8221;28px&#8221; header_font_size_last_edited=&#8221;on|tablet&#8221; global_colors_info=&#8221;{}&#8221;]<\/p>\n<h2>Special Reports<\/h2>\n<p>[\/et_pb_text][\/et_pb_column][\/et_pb_row][et_pb_row column_structure=&#8221;1_3,1_3,1_3&#8243; _builder_version=&#8221;4.16&#8243; _module_preset=&#8221;default&#8221; width_last_edited=&#8221;off|tablet&#8221; max_width_tablet=&#8221;450px&#8221; max_width_phone=&#8221;&#8221; max_width_last_edited=&#8221;on|tablet&#8221; custom_padding=&#8221;0px|||||&#8221; global_colors_info=&#8221;{}&#8221;][et_pb_column type=&#8221;1_3&#8243; module_class=&#8221;et-overlay-container&#8221; _builder_version=&#8221;4.16&#8243; _module_preset=&#8221;default&#8221; overflow-x=&#8221;hidden&#8221; overflow-y=&#8221;hidden&#8221; global_colors_info=&#8221;{}&#8221;][\/et_pb_column][et_pb_column type=&#8221;1_3&#8243; module_class=&#8221;et-overlay-container&#8221; _builder_version=&#8221;4.16&#8243; _module_preset=&#8221;default&#8221; overflow-x=&#8221;hidden&#8221; overflow-y=&#8221;hidden&#8221; global_colors_info=&#8221;{}&#8221;][et_pb_image src=&#8221;https:\/\/corees.ebrandico.com\/wp-content\/uploads\/2024\/02\/fotowoltaika-na-biurowcach.jpeg&#8221; title_text=&#8221;Skyscrapers in\u00a0Shanghai, China&#8221; module_class=&#8221;et-overlay-image et-rotate&#8221; _builder_version=&#8221;4.24.0&#8243; _module_preset=&#8221;default&#8221; overflow-x=&#8221;hidden&#8221; overflow-y=&#8221;hidden&#8221; custom_margin=&#8221;||0px||false|false&#8221; global_colors_info=&#8221;{}&#8221;][\/et_pb_image][et_pb_divider show_divider=&#8221;off&#8221; admin_label=&#8221;overlay color&#8221; _builder_version=&#8221;4.24.0&#8243; _module_preset=&#8221;default&#8221; use_background_color_gradient=&#8221;on&#8221; background_color_gradient_stops=&#8221;gcid-cc165585-0082-47b1-8e7f-aa3c158d2771 25%|rgba(0,79,122,0.75) 75%&#8221; background_color_gradient_start=&#8221;rgba(67,97,238,0.8)&#8221; background_color_gradient_start_position=&#8221;25%&#8221; background_color_gradient_end=&#8221;rgba(247,37,133,0.89)&#8221; background_color_gradient_end_position=&#8221;75%&#8221; positioning=&#8221;absolute&#8221; width=&#8221;100%&#8221; height=&#8221;100%&#8221; overflow-x=&#8221;hidden&#8221; overflow-y=&#8221;hidden&#8221; global_colors_info=&#8221;{%22gcid-cc165585-0082-47b1-8e7f-aa3c158d2771%22:%91%22background_color_gradient_stops%22%93}&#8221;][\/et_pb_divider][et_pb_text admin_label=&#8221;overlay text&#8221; _builder_version=&#8221;4.27.0&#8243; _module_preset=&#8221;_initial&#8221; header_2_font=&#8221;|300|||||||&#8221; header_2_font_size=&#8221;31px&#8221; positioning=&#8221;absolute&#8221; position_origin_a=&#8221;center_center&#8221; text_orientation=&#8221;center&#8221; background_layout=&#8221;dark&#8221; width=&#8221;100%&#8221; max_width=&#8221;80%&#8221; overflow-x=&#8221;hidden&#8221; overflow-y=&#8221;hidden&#8221; custom_margin=&#8221;-55px||0px||false|false&#8221; global_colors_info=&#8221;{}&#8221;]<\/p>\n<h2 style=\"text-align: center;\">Work model and employee efficiency and satisfaction<\/h2>\n<p>&nbsp;<\/p>\n<h4 style=\"text-align: center;\">Corees Antal 2021 Report<\/h4>\n<p>[\/et_pb_text][et_pb_button button_url=&#8221;https:\/\/corees.ebrandico.com\/wp-content\/uploads\/2024\/07\/Antal_Raport_Model_Pracy_PL_v06-2.pdf&#8221; button_text=&#8221;Read the report&#8221; button_alignment=&#8221;center&#8221; admin_label=&#8221;Przycisk i\u00a0URL do\u00a0PDF&#8217;a&#8221; module_class=&#8221;et-overlay-item move-up&#8221; _builder_version=&#8221;4.27.0&#8243; _module_preset=&#8221;default&#8221; custom_button=&#8221;on&#8221; button_text_size=&#8221;14px&#8221; button_text_color=&#8221;#ffffff&#8221; button_bg_color=&#8221;#4361ee&#8221; button_border_width=&#8221;0px&#8221; button_letter_spacing=&#8221;0.1em&#8221; button_font=&#8221;|700||on|||||&#8221; button_on_hover=&#8221;off&#8221; positioning=&#8221;absolute&#8221; position_origin_a=&#8221;bottom_center&#8221; vertical_offset=&#8221;5%&#8221; overflow-x=&#8221;hidden&#8221; overflow-y=&#8221;hidden&#8221; custom_margin=&#8221;60px||0px||false|false&#8221; custom_padding=&#8221;0.8em|0px|0.8em|0px|true|true&#8221; custom_css_main_element=&#8221;min-width: 15em;&#8221; global_colors_info=&#8221;{}&#8221; box_shadow_color__hover=&#8221;rgba(0,0,0,0.17)&#8221; box_shadow_color__hover_enabled=&#8221;on|hover&#8221; transform_scale__hover=&#8221;110%|110%&#8221; transform_scale__hover_enabled=&#8221;off|desktop&#8221; transform_translate__hover_enabled=&#8221;off|desktop&#8221; transform_rotate__hover_enabled=&#8221;off|desktop&#8221; transform_skew__hover_enabled=&#8221;off|desktop&#8221; transform_origin__hover_enabled=&#8221;off|desktop&#8221;][\/et_pb_button][et_pb_code module_class=&#8221;et-overlay-container&#8221; _builder_version=&#8221;4.27.0&#8243; _module_preset=&#8221;default&#8221; overflow-x=&#8221;hidden&#8221; overflow-y=&#8221;hidden&#8221; global_colors_info=&#8221;{}&#8221;]<\/p>\n<style><!-- [et_pb_line_break_holder] --> @media all and (min-width: 981px) {<!-- [et_pb_line_break_holder] -->  <!-- [et_pb_line_break_holder] -->  .et-fb-root-ancestor .et-overlay-item {<!-- [et_pb_line_break_holder] -->    opacity: 1; \/*shows hidden overlay items when using the visual Divi Builder*\/<!-- [et_pb_line_break_holder] -->  }<!-- [et_pb_line_break_holder] -->  .et-overlay-item {<!-- [et_pb_line_break_holder] -->    opacity: 0; \/*hides overlay items by default*\/<!-- [et_pb_line_break_holder] -->    margin-bottom: 0px;<!-- [et_pb_line_break_holder] -->  }<!-- [et_pb_line_break_holder] -->  .et-overlay-item, .et-overlay-image {<!-- [et_pb_line_break_holder] -->    transition: all 400ms !important; \/*sets transition speed of all overlay items*\/<!-- [et_pb_line_break_holder] -->  }<!-- [et_pb_line_break_holder] -->  .et-overlay-container:hover .et-overlay-item {<!-- [et_pb_line_break_holder] -->    opacity: 1; \/*reveals hidden overlay items on hover*\/<!-- [et_pb_line_break_holder] -->  }<!-- [et_pb_line_break_holder] -->  .et-overlay-container:hover .et-overlay-image {<!-- [et_pb_line_break_holder] -->    \/*add new styles here to change image on hover*\/<!-- [et_pb_line_break_holder] -->  }<!-- [et_pb_line_break_holder] -->  .et-overlay-container:hover .et-overlay-image.et-scale {<!-- [et_pb_line_break_holder] -->    transform: scale(1.2); \/*adjust scale of image here*\/<!-- [et_pb_line_break_holder] -->  }<!-- [et_pb_line_break_holder] -->  .et-overlay-container:hover .et-overlay-image.et-rotate {<!-- [et_pb_line_break_holder] -->    transform: scale(1.4)<!-- [et_pb_line_break_holder] -->    rotateZ(10deg)!important; \/*adjust rotation of image and scale needed for rotation here*\/<!-- [et_pb_line_break_holder] -->  }  <!-- [et_pb_line_break_holder] -->  .et-overlay-container:hover .et-overlay-item.move-up {<!-- [et_pb_line_break_holder] -->    margin-bottom: 15% !important; \/*adjust how far you want the overlay item to move up*\/<!-- [et_pb_line_break_holder] -->  }<!-- [et_pb_line_break_holder] -->  .et-overlay-container:hover .et-overlay-item.move-down {<!-- [et_pb_line_break_holder] -->    margin-top: 10%; \/*adjust how far you want the overlay item to move down*\/<!-- [et_pb_line_break_holder] -->  }<!-- [et_pb_line_break_holder] --><!-- [et_pb_line_break_holder] -->}<!-- [et_pb_line_break_holder] --><\/style>\n<p>[\/et_pb_code][\/et_pb_column][et_pb_column type=&#8221;1_3&#8243; module_class=&#8221;et-overlay-container&#8221; _builder_version=&#8221;4.16&#8243; _module_preset=&#8221;default&#8221; overflow-x=&#8221;hidden&#8221; overflow-y=&#8221;hidden&#8221; global_colors_info=&#8221;{}&#8221;][\/et_pb_column][\/et_pb_row][\/et_pb_section][et_pb_section fb_built=&#8221;1&#8243; admin_label=&#8221;Features&#8221; module_id=&#8221;what-we-do&#8221; _builder_version=&#8221;4.24.0&#8243; _module_preset=&#8221;default&#8221; background_color=&#8221;gcid-70184d90-89dc-4d37-8a72-67bb78c7369e&#8221; width=&#8221;100%&#8221; width_tablet=&#8221;80%&#8221; width_phone=&#8221;80%&#8221; width_last_edited=&#8221;on|tablet&#8221; module_alignment=&#8221;center&#8221; custom_margin=&#8221;-1px|||||&#8221; custom_padding=&#8221;5px|||||&#8221; border_radii=&#8221;on|10px|10px|10px|10px&#8221; saved_tabs=&#8221;all&#8221; collapsed=&#8221;off&#8221; global_colors_info=&#8221;{%22gcid-70184d90-89dc-4d37-8a72-67bb78c7369e%22:%91%22background_color%22%93}&#8221;][et_pb_row module_class=&#8221;section-title&#8221; _builder_version=&#8221;4.24.0&#8243; _module_preset=&#8221;default&#8221; global_colors_info=&#8221;{}&#8221;][et_pb_column type=&#8221;4_4&#8243; module_class=&#8221;section-title&#8221; _builder_version=&#8221;4.24.0&#8243; _module_preset=&#8221;default&#8221; global_colors_info=&#8221;{}&#8221;][et_pb_text module_class=&#8221;section-title&#8221; _builder_version=&#8221;4.24.0&#8243; _module_preset=&#8221;_initial&#8221; header_font_size=&#8221;52px&#8221; header_2_font=&#8221;Roboto||||||||&#8221; header_2_letter_spacing=&#8221;1px&#8221; text_orientation=&#8221;center&#8221; max_width=&#8221;800px&#8221; module_alignment=&#8221;center&#8221; header_font_size_tablet=&#8221;32px&#8221; header_font_size_phone=&#8221;28px&#8221; header_font_size_last_edited=&#8221;on|tablet&#8221; global_colors_info=&#8221;{}&#8221;]<\/p>\n<h2>Archive<\/h2>\n<p>[\/et_pb_text][et_pb_de_mach_archive_loop post_type_choose=&#8221;raporty&#8221; loop_layout=&#8221;242459&#8243; no_posts_layout_text=&#8221;Nie ma\u00a0w\u00a0tej\u00a0chwili \u017cadnych dost\u0119pnych raport\u00f3w&#8221; posts_number=&#8221;20&#8243; include_cats=&#8221;archiwalny-raport&#8221; enable_loadmore=&#8221;on&#8221; loadmore_text=&#8221;Poka\u017c wi\u0119cej&#8221; loadmore_text_loading=&#8221;\u0141aduj\u0119 si\u0119&#8221; columns=&#8221;1&#8243; columns_tablet=&#8221;1&#8243; _builder_version=&#8221;4.24.2&#8243; _module_preset=&#8221;default&#8221; global_colors_info=&#8221;{}&#8221;][\/et_pb_de_mach_archive_loop][\/et_pb_column][\/et_pb_row][\/et_pb_section]<\/p>\n","protected":false},"excerpt":{"rendered":"<p>ReportsSpecial ReportsWork model and employee efficiency and satisfaction &nbsp; Corees Antal 2021 ReportArchive<\/p>\n","protected":false},"author":1,"featured_media":0,"parent":0,"menu_order":0,"comment_status":"closed","ping_status":"closed","template":"","meta":{"_acf_changed":false,"_et_pb_use_builder":"on","_et_pb_old_content":"","_et_gb_content_width":"","footnotes":""},"class_list":["post-245092","page","type-page","status-publish","hentry"],"acf":[],"_links":{"self":[{"href":"https:\/\/corees.ebrandico.com\/en\/wp-json\/wp\/v2\/pages\/245092","targetHints":{"allow":["GET"]}}],"collection":[{"href":"https:\/\/corees.ebrandico.com\/en\/wp-json\/wp\/v2\/pages"}],"about":[{"href":"https:\/\/corees.ebrandico.com\/en\/wp-json\/wp\/v2\/types\/page"}],"author":[{"embeddable":true,"href":"https:\/\/corees.ebrandico.com\/en\/wp-json\/wp\/v2\/users\/1"}],"replies":[{"embeddable":true,"href":"https:\/\/corees.ebrandico.com\/en\/wp-json\/wp\/v2\/comments?post=245092"}],"version-history":[{"count":13,"href":"https:\/\/corees.ebrandico.com\/en\/wp-json\/wp\/v2\/pages\/245092\/revisions"}],"predecessor-version":[{"id":247756,"href":"https:\/\/corees.ebrandico.com\/en\/wp-json\/wp\/v2\/pages\/245092\/revisions\/247756"}],"wp:attachment":[{"href":"https:\/\/corees.ebrandico.com\/en\/wp-json\/wp\/v2\/media?parent=245092"}],"curies":[{"name":"wp","href":"https:\/\/api.w.org\/{rel}","templated":true}]}}