{"id":244881,"date":"2024-02-05T23:57:31","date_gmt":"2024-02-05T22:57:31","guid":{"rendered":"https:\/\/corees.ebrandico.com\/news\/"},"modified":"2025-12-14T18:58:55","modified_gmt":"2025-12-14T17:58:55","slug":"news","status":"publish","type":"page","link":"https:\/\/corees.ebrandico.com\/en\/news\/","title":{"rendered":"News"},"content":{"rendered":"<p>[et_pb_section fb_built=&#8221;1&#8243; custom_padding_last_edited=&#8221;on|phone&#8221; admin_label=&#8221;Header&#8221; _builder_version=&#8221;4.24.3&#8243; use_background_color_gradient=&#8221;on&#8221; background_color_gradient_direction=&#8221;218deg&#8221; background_color_gradient_stops=&#8221;gcid-3739f6af-6ec3-431f-9233-3cdc85f4270b 0%|rgba(21,67,99,0.76) 100%&#8221; background_color_gradient_overlays_image=&#8221;on&#8221; background_color_gradient_start=&#8221;rgba(131,50,172,0.82)&#8221; background_color_gradient_end=&#8221;rgba(93,43,150,0.77)&#8221; background_image=&#8221;https:\/\/corees.ebrandico.com\/wp-content\/uploads\/2024\/02\/AdobeStock_636030227-1024&#215;574.jpeg&#8221; positioning=&#8221;none&#8221; position_origin_a=&#8221;top_center&#8221; z_index=&#8221;200&#8243; custom_padding=&#8221;70px||70px||true|false&#8221; custom_padding_tablet=&#8221;70px||70px||true|false&#8221; custom_padding_phone=&#8221;0px||0px||true|false&#8221; global_module=&#8221;242110&#8243; collapsed=&#8221;off&#8221; global_colors_info=&#8221;{%22gcid-3739f6af-6ec3-431f-9233-3cdc85f4270b%22:%91%22background_color_gradient_stops%22%93}&#8221;][et_pb_row _builder_version=&#8221;4.24.1&#8243; custom_padding=&#8221;100px||||false|false&#8221; global_colors_info=&#8221;{}&#8221;][et_pb_column type=&#8221;4_4&#8243; _builder_version=&#8221;4.16&#8243; global_colors_info=&#8221;{}&#8221;][et_pb_text admin_label=&#8221;Tekst &#8211; tytu\u0142 dynamiczny podstrony&#8221; module_class=&#8221;section-title&#8221; _builder_version=&#8221;4.24.2&#8243; _dynamic_attributes=&#8221;content&#8221; text_font=&#8221;|700|||||||&#8221; text_text_color=&#8221;#ffffff&#8221; text_font_size=&#8221;35px&#8221; header_font=&#8221;|||on|||||&#8221; header_text_color=&#8221;#FFFFFF&#8221; header_letter_spacing=&#8221;1px&#8221; text_orientation=&#8221;center&#8221; global_colors_info=&#8221;{}&#8221; header_font_size__hover_enabled=&#8221;off|desktop&#8221;]@ET-DC@eyJkeW5hbWljIjp0cnVlLCJjb250ZW50IjoicG9zdF90aXRsZSIsInNldHRpbmdzIjp7ImJlZm9yZSI6IjxoMT4iLCJhZnRlciI6IjxcL2gxPiJ9fQ==@[\/et_pb_text][\/et_pb_column][\/et_pb_row][\/et_pb_section][et_pb_section fb_built=&#8221;1&#8243; custom_padding_last_edited=&#8221;on|phone&#8221; admin_label=&#8221;Header&#8221; _builder_version=&#8221;4.26.0&#8243; _module_preset=&#8221;default&#8221; vertical_offset_last_edited=&#8221;off|phone&#8221; custom_margin_tablet=&#8221;&#8221; custom_margin_phone=&#8221;||0px||false|false&#8221; custom_margin_last_edited=&#8221;on|phone&#8221; custom_padding_tablet=&#8221;&#8221; custom_padding_phone=&#8221;||0px||false|false&#8221; collapsed=&#8221;off&#8221; global_colors_info=&#8221;{}&#8221;][et_pb_row module_id=&#8221;news&#8221; _builder_version=&#8221;4.26.0&#8243; _module_preset=&#8221;default&#8221; global_colors_info=&#8221;{}&#8221;][et_pb_column type=&#8221;4_4&#8243; _builder_version=&#8221;4.21.0&#8243; _module_preset=&#8221;default&#8221; global_colors_info=&#8221;{}&#8221;][et_pb_text module_class=&#8221;section-title &#8221; _builder_version=&#8221;4.25.1&#8243; _module_preset=&#8221;4e76b274-3a72-45a2-b10e-f008d315de4d&#8221; text_orientation=&#8221;center&#8221; global_colors_info=&#8221;{}&#8221;]<\/p>\n<h1>Latest news<\/h1>\n<p>[\/et_pb_text][et_pb_post_slider posts_number=&#8221;3&#8243; include_categories=&#8221;13&#8243; show_meta=&#8221;off&#8221; bg_overlay_color=&#8221;rgba(35,45,55,0.75)&#8221; _builder_version=&#8221;4.24.3&#8243; _module_preset=&#8221;71e71b3c-81bf-49c5-b70f-9b79bcbb2a72&#8243; header_font=&#8221;||||||||&#8221; button_border_radius=&#8221;6px&#8221; locked=&#8221;off&#8221; global_colors_info=&#8221;{}&#8221;][\/et_pb_post_slider][et_pb_blog posts_number=&#8221;6&#8243; include_categories=&#8221;13&#8243; excerpt_length=&#8221;180&#8243; show_author=&#8221;off&#8221; _builder_version=&#8221;4.25.1&#8243; _module_preset=&#8221;4661855e-0c9f-419a-80ec-72d98257c6a2&#8243; body_line_height=&#8221;1.4em&#8221; custom_padding=&#8221;||||false|false&#8221; locked=&#8221;off&#8221; global_colors_info=&#8221;{%22gcid-3739f6af-6ec3-431f-9233-3cdc85f4270b%22:%91%22meta_text_color%22,%22read_more_text_color%22%93}&#8221;][\/et_pb_blog][\/et_pb_column][\/et_pb_row][et_pb_row disabled_on=&#8221;on|on|on&#8221; module_id=&#8221;blog&#8221; _builder_version=&#8221;4.26.0&#8243; _module_preset=&#8221;default&#8221; custom_padding=&#8221;0px||7px|||&#8221; disabled=&#8221;on&#8221; global_colors_info=&#8221;{}&#8221;][et_pb_column type=&#8221;4_4&#8243; _builder_version=&#8221;4.24.0&#8243; _module_preset=&#8221;default&#8221; global_colors_info=&#8221;{}&#8221;][et_pb_text module_class=&#8221;section-title &#8221; _builder_version=&#8221;4.25.1&#8243; _module_preset=&#8221;4e76b274-3a72-45a2-b10e-f008d315de4d&#8221; header_text_align=&#8221;center&#8221; text_orientation=&#8221;center&#8221; module_alignment=&#8221;center&#8221; global_colors_info=&#8221;{}&#8221;]<\/p>\n<h1 style=\"text-align: center;\">Blog<\/h1>\n<p>[\/et_pb_text][et_pb_blog posts_number=&#8221;3&#8243; include_categories=&#8221;15&#8243; show_author=&#8221;off&#8221; _builder_version=&#8221;4.24.0&#8243; _module_preset=&#8221;4661855e-0c9f-419a-80ec-72d98257c6a2&#8243; custom_margin=&#8221;||3px|||&#8221; locked=&#8221;off&#8221; global_colors_info=&#8221;{%22gcid-3739f6af-6ec3-431f-9233-3cdc85f4270b%22:%91%22meta_text_color%22,%22read_more_text_color%22%93}&#8221;][\/et_pb_blog][\/et_pb_column][\/et_pb_row][\/et_pb_section][et_pb_section fb_built=&#8221;1&#8243; custom_padding_last_edited=&#8221;on|phone&#8221; admin_label=&#8221;Sekcja &#8211; materia\u0142y do \u015bci\u0105gni\u0119cia&#8221; _builder_version=&#8221;4.27.0&#8243; _module_preset=&#8221;default&#8221; custom_margin_tablet=&#8221;&#8221; custom_margin_phone=&#8221;0px||0px||false|false&#8221; custom_margin_last_edited=&#8221;on|phone&#8221; custom_padding_tablet=&#8221;&#8221; custom_padding_phone=&#8221;0px||0px||false|false&#8221; collapsed=&#8221;off&#8221; global_colors_info=&#8221;{}&#8221;][et_pb_row admin_label=&#8221;Materials for download&#8221; module_id=&#8221;download&#8221; _builder_version=&#8221;4.26.0&#8243; _module_preset=&#8221;default&#8221; custom_padding=&#8221;60px||2px||false|false&#8221; collapsed=&#8221;off&#8221; global_colors_info=&#8221;{}&#8221;][et_pb_column type=&#8221;4_4&#8243; _builder_version=&#8221;4.25.1&#8243; _module_preset=&#8221;default&#8221; global_colors_info=&#8221;{}&#8221;][et_pb_text admin_label=&#8221;Tekst HEADER materia\u0142y do \u015bci\u0105gni\u0119cia&#8221; module_class=&#8221;section-title &#8221; _builder_version=&#8221;4.26.0&#8243; _module_preset=&#8221;4e76b274-3a72-45a2-b10e-f008d315de4d&#8221; text_orientation=&#8221;center&#8221; global_colors_info=&#8221;{}&#8221;]<\/p>\n<h1 style=\"text-align: center;\">Downloadable materials<\/h1>\n<p>[\/et_pb_text][\/et_pb_column][\/et_pb_row][et_pb_row column_structure=&#8221;1_3,1_3,1_3&#8243; use_custom_gutter=&#8221;on&#8221; gutter_width=&#8221;1&#8243; custom_padding_last_edited=&#8221;on|phone&#8221; module_id=&#8221;materialy-do-pobrania&#8221; _builder_version=&#8221;4.27.2&#8243; _module_preset=&#8221;default&#8221; background_enable_color=&#8221;off&#8221; width=&#8221;90%&#8221; module_alignment=&#8221;center&#8221; custom_margin=&#8221;|0px||0px|false|false&#8221; custom_padding=&#8221;4px||83px||false|true&#8221; custom_padding_tablet=&#8221;4px|5%|83px|5%|false|true&#8221; custom_padding_phone=&#8221;4px|5%|0px|5%|false|true&#8221; border_radii=&#8221;on|6px|6px|6px|6px&#8221; global_colors_info=&#8221;{}&#8221;][et_pb_column type=&#8221;1_3&#8243; _builder_version=&#8221;4.25.1&#8243; _module_preset=&#8221;default&#8221; global_colors_info=&#8221;{}&#8221;][et_pb_text admin_label=&#8221;Tekst &#8211; logotypy do \u015bci\u0105gni\u0119cia&#8221; _builder_version=&#8221;4.27.2&#8243; _module_preset=&#8221;default&#8221; header_3_font_size=&#8221;32px&#8221; custom_margin=&#8221;||-1px|||&#8221; custom_padding=&#8221;|5px||5px|false|true&#8221; header_3_font_size_tablet=&#8221;&#8221; header_3_font_size_phone=&#8221;&#8221; header_3_font_size_last_edited=&#8221;on|phone&#8221; global_colors_info=&#8221;{}&#8221;]<\/p>\n<h3 style=\"text-align: center;\">Logotypes<br \/>Corees (ZIP):<\/h3>\n<p>[\/et_pb_text][et_pb_image src=&#8221;https:\/\/corees.ebrandico.com\/wp-content\/uploads\/2024\/05\/logo-corees_na-granacie.png&#8221; title_text=&#8221;logo corees_na granacie&#8221; url=&#8221;\/wp-content\/uploads\/2024\/05\/Zestaw-logotypow-Corees.zip&#8221; url_new_window=&#8221;on&#8221; _builder_version=&#8221;4.25.1&#8243; _module_preset=&#8221;default&#8221; custom_padding=&#8221;40px|40px|40px|40px|true|true&#8221; global_colors_info=&#8221;{}&#8221;][\/et_pb_image][\/et_pb_column][et_pb_column type=&#8221;1_3&#8243; admin_label=&#8221;Newsletter do\u00a0pobrania &#8211; biurowy&#8221; _builder_version=&#8221;4.27.2&#8243; _module_preset=&#8221;default&#8221; global_colors_info=&#8221;{}&#8221;][et_pb_text admin_label=&#8221;Tekst &#8211; newsletter&#8221; _builder_version=&#8221;4.27.2&#8243; _module_preset=&#8221;default&#8221; header_3_font_size=&#8221;32px&#8221; custom_margin=&#8221;||0px|||&#8221; custom_padding=&#8221;|5px||5px|false|true&#8221; hover_enabled=&#8221;0&#8243; header_3_font_size_tablet=&#8221;&#8221; header_3_font_size_phone=&#8221;&#8221; header_3_font_size_last_edited=&#8221;on|phone&#8221; global_colors_info=&#8221;{}&#8221; sticky_enabled=&#8221;0&#8243;]<\/p>\n<h3 style=\"text-align: center;\">The latest issue of the &#8220;Office&#8221; Newsletter:<\/h3>\n<p>[\/et_pb_text][et_pb_image src=&#8221;https:\/\/corees.ebrandico.com\/wp-content\/uploads\/2025\/11\/Zrzut-ekranu-2025-11-17-o-10.02.27.png&#8221; alt=&#8221;Corees Newsletter 07 2024&#8243; title_text=&#8221;Newsletter Corees_11.2025&#8243; url=&#8221;https:\/\/corees.ebrandico.com\/wp-content\/uploads\/2025\/11\/Newsletter-Corees_Listopad_2025.pdf&#8221; url_new_window=&#8221;on&#8221; admin_label=&#8221;Ikona i\u00a0link do\u00a0PDF Newslettera BIURA (TU\u00a0EDYTUJEMY NEWSLETTER)&#8221; _builder_version=&#8221;4.27.2&#8243; _module_preset=&#8221;default&#8221; custom_padding=&#8221;40px|40px|40px|40px|true|true&#8221; global_colors_info=&#8221;{}&#8221;][\/et_pb_image][\/et_pb_column][et_pb_column type=&#8221;1_3&#8243; admin_label=&#8221;Newsletter do\u00a0pobrania &#8211; magazynowy&#8221; _builder_version=&#8221;4.27.2&#8243; _module_preset=&#8221;default&#8221; global_colors_info=&#8221;{}&#8221;][et_pb_text admin_label=&#8221;Tekst &#8211; newsletter&#8221; _builder_version=&#8221;4.27.2&#8243; _module_preset=&#8221;default&#8221; header_3_font_size=&#8221;32px&#8221; custom_margin=&#8221;||0px|||&#8221; custom_padding=&#8221;|5px||5px|false|true&#8221; header_3_font_size_tablet=&#8221;&#8221; header_3_font_size_phone=&#8221;&#8221; header_3_font_size_last_edited=&#8221;on|phone&#8221; global_colors_info=&#8221;{}&#8221;]<\/p>\n<h3 style=\"text-align: center;\">The latest issue of the &#8220;Magazines&#8221; Newsletter:<\/h3>\n<p>[\/et_pb_text][et_pb_image src=&#8221;https:\/\/corees.ebrandico.com\/wp-content\/uploads\/2025\/12\/Zrzut-ekranu-2025-12-12-o-10.27.02.png&#8221; alt=&#8221;Newsletter Corees grudzie\u0144 2025&#8243; title_text=&#8221;Zrzut ekranu 2025-12-12 o\u00a010.27.02&#8243; url=&#8221;https:\/\/corees.ebrandico.com\/wp-content\/uploads\/2025\/12\/newsletter-magazyny-grudzien-2025-opt.pdf&#8221; url_new_window=&#8221;on&#8221; admin_label=&#8221;Ikona i\u00a0link do\u00a0PDF Newslettera MAGAZYNY (TU\u00a0EDYTUJEMY NEWSLETTER)&#8221; _builder_version=&#8221;4.27.2&#8243; _module_preset=&#8221;default&#8221; custom_padding=&#8221;40px|40px|40px|40px|true|true&#8221; global_colors_info=&#8221;{}&#8221;][\/et_pb_image][\/et_pb_column][\/et_pb_row][et_pb_row module_id=&#8221;newsletter-zapisz&#8221; _builder_version=&#8221;4.27.0&#8243; _module_preset=&#8221;default&#8221; custom_padding=&#8221;61px||2px||false|false&#8221; global_colors_info=&#8221;{}&#8221;][et_pb_column type=&#8221;4_4&#8243; _builder_version=&#8221;4.24.0&#8243; _module_preset=&#8221;default&#8221; global_colors_info=&#8221;{}&#8221;][et_pb_text module_class=&#8221;section-title &#8221; _builder_version=&#8221;4.25.1&#8243; _module_preset=&#8221;4e76b274-3a72-45a2-b10e-f008d315de4d&#8221; text_orientation=&#8221;center&#8221; custom_margin_tablet=&#8221;&#8221; custom_margin_phone=&#8221;||0px||false|false&#8221; custom_margin_last_edited=&#8221;on|desktop&#8221; custom_padding=&#8221;||||false|false&#8221; custom_padding_tablet=&#8221;||||false|false&#8221; custom_padding_phone=&#8221;||0px||false|false&#8221; custom_padding_last_edited=&#8221;on|phone&#8221; global_colors_info=&#8221;{}&#8221;]<\/p>\n<h1 style=\"text-align: center;\">Sign up for our newsletter<\/h1>\n<p>[\/et_pb_text][et_pb_code _builder_version=&#8221;4.25.1&#8243; _module_preset=&#8221;default&#8221; global_colors_info=&#8221;{}&#8221;]<\/p>\n<div class=\"ml-embedded\" data-form=\"zpVK0H\">\u00a0<\/div>\n<p>[\/et_pb_code][\/et_pb_column][\/et_pb_row][\/et_pb_section][et_pb_section fb_built=&#8221;1&#8243; _builder_version=&#8221;4.27.0&#8243; _module_preset=&#8221;default&#8221; global_colors_info=&#8221;{}&#8221;][et_pb_row _builder_version=&#8221;4.27.0&#8243; _module_preset=&#8221;default&#8221; global_colors_info=&#8221;{}&#8221;][et_pb_column type=&#8221;4_4&#8243; _builder_version=&#8221;4.27.0&#8243; _module_preset=&#8221;default&#8221; global_colors_info=&#8221;{}&#8221;][et_pb_image src=&#8221;https:\/\/corees.ebrandico.com\/wp-content\/uploads\/2024\/10\/Zrzut-ekranu-2024-10-10-o-12.41.08-1.png&#8221; align=&#8221;center&#8221; _builder_version=&#8221;4.27.2&#8243; _module_preset=&#8221;default&#8221; module_alignment=&#8221;center&#8221; global_colors_info=&#8221;{}&#8221;][\/et_pb_image][\/et_pb_column][\/et_pb_row][\/et_pb_section]<\/p>\n","protected":false},"excerpt":{"rendered":"<p>Latest newsBlogDownloadable materialsLogotypesCorees (ZIP):The latest issue of the &#8220;Office&#8221; Newsletter:The latest issue of the &#8220;Magazines&#8221; Newsletter:Sign up for our newsletter<\/p>\n","protected":false},"author":1,"featured_media":0,"parent":0,"menu_order":0,"comment_status":"closed","ping_status":"closed","template":"","meta":{"_acf_changed":false,"_et_pb_use_builder":"on","_et_pb_old_content":"","_et_gb_content_width":"","footnotes":""},"class_list":["post-244881","page","type-page","status-publish","hentry"],"acf":[],"_links":{"self":[{"href":"https:\/\/corees.ebrandico.com\/en\/wp-json\/wp\/v2\/pages\/244881","targetHints":{"allow":["GET"]}}],"collection":[{"href":"https:\/\/corees.ebrandico.com\/en\/wp-json\/wp\/v2\/pages"}],"about":[{"href":"https:\/\/corees.ebrandico.com\/en\/wp-json\/wp\/v2\/types\/page"}],"author":[{"embeddable":true,"href":"https:\/\/corees.ebrandico.com\/en\/wp-json\/wp\/v2\/users\/1"}],"replies":[{"embeddable":true,"href":"https:\/\/corees.ebrandico.com\/en\/wp-json\/wp\/v2\/comments?post=244881"}],"version-history":[{"count":53,"href":"https:\/\/corees.ebrandico.com\/en\/wp-json\/wp\/v2\/pages\/244881\/revisions"}],"predecessor-version":[{"id":250086,"href":"https:\/\/corees.ebrandico.com\/en\/wp-json\/wp\/v2\/pages\/244881\/revisions\/250086"}],"wp:attachment":[{"href":"https:\/\/corees.ebrandico.com\/en\/wp-json\/wp\/v2\/media?parent=244881"}],"curies":[{"name":"wp","href":"https:\/\/api.w.org\/{rel}","templated":true}]}}